{"id":264,"date":"2024-10-23T12:41:11","date_gmt":"2024-10-23T12:41:11","guid":{"rendered":"https:\/\/www.immobiliaresimonelli.com\/der-lago-maggiore\/"},"modified":"2025-09-10T10:25:50","modified_gmt":"2025-09-10T10:25:50","slug":"der-lago-maggiore","status":"publish","type":"page","link":"https:\/\/www.immobiliaresimonelli.com\/de\/der-lago-maggiore\/","title":{"rendered":"Der Lago Maggiore"},"content":{"rendered":"<p style=\"font-weight: 400;\">Dank seiner strategischen Lage ist der Lago Maggiore leicht erreichbar. Die Stra\u00dfen \u00fcber den Simplon, den Gotthard und den San Bernardino gew\u00e4hrleisten ausgezeichnete Stra\u00dfen- und Bahnverbindungen mit Mitteleuropa, w\u00e4hrend die Autostrada dei Laghi eine bequeme Anbindung an die Flugh\u00e4fen Mailand-Malpensa (ca. 1 Stunde) und Linate (ca. 1 Stunde und 30 Minuten) erm\u00f6glicht. Der Schifffahrtsdienst auf dem Lago Maggiore sorgt f\u00fcr schnelle und effiziente Verbindungen zwischen den wichtigsten Uferorten, den ber\u00fchmten Borrom\u00e4ischen Inseln und weiteren H\u00e4fen, mit einer regelm\u00e4\u00dfigen F\u00e4hrverbindung zwischen Intra und Laveno.<\/p>\n<p style=\"font-weight: 400;\">Ber\u00fchmte Orte wie Stresa, Arona, Baveno, Verbania, Locarno und Ascona \u2013 international bekannt \u2013 bieten eine perfekte Balance zwischen mond\u00e4nem Flair, Entspannung und Naturerlebnis. Nur wenige Kilometer vom Ufer entfernt er\u00f6ffnen sich h\u00fcgelige und bergige Landschaften, wie etwa im Nationalpark Val Grande, dem gr\u00f6\u00dften Wildnisgebiet Italiens.<\/p>\n<p style=\"font-weight: 400;\">Neben dem angenehmen Klima macht auch die herzliche Gastfreundschaft der Bewohner den Lago Maggiore zu einem idealen Reiseziel f\u00fcr jeden Aufenthalt. Das Unterkunftsangebot ist vielf\u00e4ltig: von Campingpl\u00e4tzen am See \u00fcber famili\u00e4re Pensionen bis hin zu gro\u00dfen Hotels mit Sauna, Pool und Privatstrand. Perfekte L\u00f6sungen sowohl f\u00fcr l\u00e4ngere Ferien als auch f\u00fcr kurze Wochenendausfl\u00fcge.<\/p>\n<p style=\"font-weight: 400;\">Ein Urlaub am Lago Maggiore bedeutet nicht nur Erholung, sondern auch Sport und Abenteuer. Die M\u00f6glichkeiten sind zahlreich: Radfahren, Wandern, Golf, Rudern, Windsurfen, Wasserski, Tennis, Reiten oder auch Wintersportarten wie Skifahren.<\/p>\n<p style=\"font-weight: 400;\">Der Lago Maggiore ist zudem eine Region voller Geschichte und Kultur. Besucher k\u00f6nnen zwischen ethnografischen Museen, historischen Pal\u00e4sten auf den Borrom\u00e4ischen Inseln, botanischen G\u00e4rten wie denen der Villa Taranto und vielem mehr w\u00e4hlen. Zahlreiche Pers\u00f6nlichkeiten der Vergangenheit haben hier Spuren hinterlassen \u2013 bezeugt durch Villen, Residenzen und Schl\u00f6sser, die entlang des Ufers und in den umliegenden H\u00fcgeln verstreut sind. Diese Bauwerke erz\u00e4hlen von Jahrhunderten Geschichte, mit k\u00fcnstlerischen und architektonischen Ausdrucksformen, die vom Fr\u00fchchristentum bis zum Jugendstil reichen, \u00fcber Romanik, Gotik, Renaissance, Barock und Klassizismus.<\/p>\n<p style=\"font-weight: 400;\">Vielleicht ist es gerade diese Verschmelzung von Stilen und Atmosph\u00e4ren, die den Lago Maggiore zu einem einzigartigen und faszinierenden Ort macht, der jeden in seinen Bann zieht.<\/p>\n","protected":false},"excerpt":{"rendered":"<p>Dank seiner strategischen Lage ist der Lago Maggiore leicht erreichbar. Die Stra\u00dfen \u00fcber den Simplon, den Gotthard und den San Bernardino gew\u00e4hrleisten ausgezeichnete Stra\u00dfen- und Bahnverbindungen mit Mitteleuropa, w\u00e4hrend die Autostrada dei Laghi eine bequeme Anbindung an die Flugh\u00e4fen Mailand-Malpensa (ca. 1 Stunde) und Linate (ca. 1 Stunde und 30 Minuten) erm\u00f6glicht. Der Schifffahrtsdienst auf &hellip; <\/p>\n<p class=\"link-more\"><a href=\"https:\/\/www.immobiliaresimonelli.com\/de\/der-lago-maggiore\/\" class=\"more-link\"><span class=\"screen-reader-text\">\u201eDer Lago Maggiore\u201c<\/span> weiterlesen<\/a><\/p>\n","protected":false},"author":2,"featured_media":0,"parent":0,"menu_order":0,"comment_status":"closed","ping_status":"closed","template":"","meta":{"_acf_changed":false,"footnotes":""},"class_list":["post-264","page","type-page","status-publish","hentry"],"acf":[],"_links":{"self":[{"href":"https:\/\/www.immobiliaresimonelli.com\/de\/wp-json\/wp\/v2\/pages\/264","targetHints":{"allow":["GET"]}}],"collection":[{"href":"https:\/\/www.immobiliaresimonelli.com\/de\/wp-json\/wp\/v2\/pages"}],"about":[{"href":"https:\/\/www.immobiliaresimonelli.com\/de\/wp-json\/wp\/v2\/types\/page"}],"author":[{"embeddable":true,"href":"https:\/\/www.immobiliaresimonelli.com\/de\/wp-json\/wp\/v2\/users\/2"}],"replies":[{"embeddable":true,"href":"https:\/\/www.immobiliaresimonelli.com\/de\/wp-json\/wp\/v2\/comments?post=264"}],"version-history":[{"count":2,"href":"https:\/\/www.immobiliaresimonelli.com\/de\/wp-json\/wp\/v2\/pages\/264\/revisions"}],"predecessor-version":[{"id":3082,"href":"https:\/\/www.immobiliaresimonelli.com\/de\/wp-json\/wp\/v2\/pages\/264\/revisions\/3082"}],"wp:attachment":[{"href":"https:\/\/www.immobiliaresimonelli.com\/de\/wp-json\/wp\/v2\/media?parent=264"}],"curies":[{"name":"wp","href":"https:\/\/api.w.org\/{rel}","templated":true}]}}