{"id":271,"date":"2024-10-23T12:41:01","date_gmt":"2024-10-23T12:41:01","guid":{"rendered":"https:\/\/www.immobiliaresimonelli.com\/unsere-dienste\/"},"modified":"2025-09-12T09:34:28","modified_gmt":"2025-09-12T09:34:28","slug":"unsere-dienste","status":"publish","type":"page","link":"https:\/\/www.immobiliaresimonelli.com\/de\/unsere-dienste\/","title":{"rendered":"Die Dienstleistungen von Immobiliare Simonelli Immobilien"},"content":{"rendered":"<p style=\"font-weight: 400;\">Nachdem wir Sie bei der Suche nach der idealen Immobilie begleitet haben, stehen wir Ihnen in jeder Phase des Kauf- oder Verkaufprozesses zur Seite &#8211; bis zur notariellen Beurkundung und dar\u00fcber hinaus.<\/p>\n<p style=\"font-weight: 400;\">Wenn Sie eine Finanzierung in Anspruch nehmen m\u00f6chten, kann unsere Agentur umfassende Unterst\u00fctzung bieten und Sie zur L\u00f6sung f\u00fchren, die am besten zu Ihren Bed\u00fcrfnissen passt.<\/p>\n<p style=\"font-weight: 400;\">Unsere Unterst\u00fctzung endet nicht mit der notariellen Beurkundung &#8211; wir k\u00fcmmern uns auch um alle Formalit\u00e4ten im Zusammenhang mit der \u00dcbernahme von Versorgungsvertr\u00e4gen (Strom, Gas, Wasser und mehr), dem Abschluss eventueller Versicherungen sowie der Berechnung von Steuern.<\/p>\n<p style=\"font-weight: 400;\">Wir stehen Ihnen auch zur Verf\u00fcgung f\u00fcr:<\/p>\n<ul style=\"font-weight: 400;\">\n<li>die Bewertung und den Verkauf einer Immobilie<\/li>\n<li>die Koordiation von Bau-, Renovierung- und Instandshaltungsarbeiten, dank der Zusammenarbeit mit unserem Partner <a style=\"color: #ff0000;\" href=\"http:\/\/patricksimonelli.com\/\" target=\"_blank\">patricksimonelli.com<\/a><\/li>\n<\/ul>\n<p style=\"font-weight: 400;\">\n","protected":false},"excerpt":{"rendered":"<p>Nachdem wir Sie bei der Suche nach der idealen Immobilie begleitet haben, stehen wir Ihnen in jeder Phase des Kauf- oder Verkaufprozesses zur Seite &#8211; bis zur notariellen Beurkundung und dar\u00fcber hinaus. Wenn Sie eine Finanzierung in Anspruch nehmen m\u00f6chten, kann unsere Agentur umfassende Unterst\u00fctzung bieten und Sie zur L\u00f6sung f\u00fchren, die am besten zu &hellip; <\/p>\n<p class=\"link-more\"><a href=\"https:\/\/www.immobiliaresimonelli.com\/de\/unsere-dienste\/\" class=\"more-link\"><span class=\"screen-reader-text\">\u201eDie Dienstleistungen von Immobiliare Simonelli Immobilien\u201c<\/span> weiterlesen<\/a><\/p>\n","protected":false},"author":2,"featured_media":0,"parent":0,"menu_order":0,"comment_status":"closed","ping_status":"closed","template":"","meta":{"_acf_changed":false,"footnotes":""},"class_list":["post-271","page","type-page","status-publish","hentry"],"acf":[],"_links":{"self":[{"href":"https:\/\/www.immobiliaresimonelli.com\/de\/wp-json\/wp\/v2\/pages\/271","targetHints":{"allow":["GET"]}}],"collection":[{"href":"https:\/\/www.immobiliaresimonelli.com\/de\/wp-json\/wp\/v2\/pages"}],"about":[{"href":"https:\/\/www.immobiliaresimonelli.com\/de\/wp-json\/wp\/v2\/types\/page"}],"author":[{"embeddable":true,"href":"https:\/\/www.immobiliaresimonelli.com\/de\/wp-json\/wp\/v2\/users\/2"}],"replies":[{"embeddable":true,"href":"https:\/\/www.immobiliaresimonelli.com\/de\/wp-json\/wp\/v2\/comments?post=271"}],"version-history":[{"count":5,"href":"https:\/\/www.immobiliaresimonelli.com\/de\/wp-json\/wp\/v2\/pages\/271\/revisions"}],"predecessor-version":[{"id":3102,"href":"https:\/\/www.immobiliaresimonelli.com\/de\/wp-json\/wp\/v2\/pages\/271\/revisions\/3102"}],"wp:attachment":[{"href":"https:\/\/www.immobiliaresimonelli.com\/de\/wp-json\/wp\/v2\/media?parent=271"}],"curies":[{"name":"wp","href":"https:\/\/api.w.org\/{rel}","templated":true}]}}